{"id":474,"date":"2022-03-24T19:21:12","date_gmt":"2022-03-24T18:21:12","guid":{"rendered":"https:\/\/anna-nitsche-sht-mastercoach.de\/?page_id=474"},"modified":"2025-11-03T11:44:07","modified_gmt":"2025-11-03T10:44:07","slug":"aktuelles","status":"publish","type":"page","link":"https:\/\/anna-nitsche-sht-mastercoach.de\/index.php\/aktuelles\/","title":{"rendered":"Aktuelles"},"content":{"rendered":"\n<h2 class=\"wp-block-heading\">Seminare<\/h2>\n\n\n\n<p><\/p>\n\n\n\n<p>Ab Oktober 23 biete ich au\u00dfer Wochenend -Seminaren, auch Abendseminare an! Diese finden jeden ersten Freitag des Monats statt (au\u00dfer in der Ferienzeit).<\/p>\n\n\n\n<h2 class=\"wp-block-heading\">Telegram Kanal<\/h2>\n\n\n\n<p>Alles f\u00fcr die Seele. In diesem Kanal sende ich alles was der Seele und somit dem K\u00f6rper gut tut\ud83d\udc9b.<br>Lasse dich durch Bilder, Musik, Texte und Beitr\u00e4ge, die dein Innerstes ber\u00fchren, inspirieren und erh\u00f6he dadurch deine Schwingung\ud83d\ude0c\u2600\ufe0f.<\/p>\n\n\n\n<a href=\"https:\/\/t.me\/Alles_fuer_die_Seele\">Mein Telegram Kanal<\/a>\n\n\n\n<p><\/p>\n\n\n\n<p><\/p>\n\n\n\n<p><\/p>\n\n\n\n<h2 class=\"wp-block-heading\">QIGONG-KURSE<\/h2>\n\n\n\n<p><\/p>\n\n\n\n<p><strong>QIGONG<\/strong> &#8211; Es f\u00f6rdert Entspannung, Gelassenheit und innere Kraft. Steigert Beweglichkeit und Konzentration&#8230;..<\/p>\n\n\n\n<figure class=\"wp-block-image size-large\"><img loading=\"lazy\" decoding=\"async\" width=\"732\" height=\"1024\" src=\"https:\/\/anna-nitsche-sht-mastercoach.de\/wp-content\/uploads\/2025\/09\/Qigong-732x1024.jpeg\" alt=\"\" class=\"wp-image-595\" srcset=\"https:\/\/anna-nitsche-sht-mastercoach.de\/wp-content\/uploads\/2025\/09\/Qigong-732x1024.jpeg 732w, https:\/\/anna-nitsche-sht-mastercoach.de\/wp-content\/uploads\/2025\/09\/Qigong-214x300.jpeg 214w, https:\/\/anna-nitsche-sht-mastercoach.de\/wp-content\/uploads\/2025\/09\/Qigong-768x1075.jpeg 768w, https:\/\/anna-nitsche-sht-mastercoach.de\/wp-content\/uploads\/2025\/09\/Qigong.jpeg 828w\" sizes=\"auto, (max-width: 732px) 100vw, 732px\" \/><\/figure>\n\n\n\n<p><\/p>\n\n\n\n<h2 class=\"wp-block-heading\">ENTSPANNUNGSABENDE<\/h2>\n\n\n\n<p>Was erwartet dich:<\/p>\n\n\n\n<p>QIGONG- Sanfte \u00dcbungen mit heilsamer Wirkung f\u00fcr K\u00f6rper und Geist<\/p>\n\n\n\n<p>Kleine Zengeschichten<\/p>\n\n\n\n<p><strong>MEDITATION<\/strong> &#8211; sie entspannt, st\u00e4rkt die Selbstheilungskr\u00e4fte, bietet Erholung vom Alltag uvm&#8230;.<\/p>\n\n\n\n<p><strong>Austausch<\/strong> &#8211; Gemeinschaft erleben, gegenseitige Hilfe, sich einfach wohlf\u00fchlen&#8230;<\/p>\n\n\n\n<div class=\"wp-block-columns is-layout-flex wp-container-core-columns-is-layout-9d6595d7 wp-block-columns-is-layout-flex\">\n<div class=\"wp-block-column is-layout-flow wp-block-column-is-layout-flow\"><\/div>\n\n\n\n<div class=\"wp-block-column is-layout-flow wp-block-column-is-layout-flow\"><\/div>\n<\/div>\n\n\n\n<h2 class=\"wp-block-heading\">N\u00e4chste Termine f\u00fcr Entspannungsabende:<\/h2>\n\n\n\n<p><\/p>\n\n\n\n<p>Donnerstag, 09.10.25<\/p>\n\n\n\n<p>Donnerstag, 13.11.25<\/p>\n\n\n\n<p>Donnerstag, 11.12.25<\/p>\n\n\n\n<p><\/p>\n\n\n\n<p><\/p>\n\n\n\n<p>Anmeldung: 0160 7573737<\/p>\n\n\n\n<p><\/p>\n\n\n\n<p><\/p>\n\n\n\n<p><\/p>\n\n\n\n<h2 class=\"wp-block-heading\">TREFFEN F\u00dcR AUSGEBILDETE SHT-MASTERCOACHES:<\/h2>\n\n\n\n<p><\/p>\n\n\n\n<p><\/p>\n\n\n\n<p><\/p>\n\n\n\n<p><\/p>\n\n\n\n<p>Anmeldung:  0160 7573737<\/p>\n\n\n\n<p><\/p>\n\n\n\n<p><\/p>\n\n\n\n<p class=\"has-medium-font-size\"><\/p>\n\n\n\n<p><\/p>\n\n\n\n<p><\/p>\n\n\n\n<p><\/p>\n","protected":false},"excerpt":{"rendered":"<p>Seminare Ab Oktober 23 biete ich au\u00dfer Wochenend -Seminaren, auch Abendseminare an! Diese finden jeden ersten Freitag des Monats statt&hellip;<\/p>\n","protected":false},"author":1,"featured_media":0,"parent":0,"menu_order":0,"comment_status":"closed","ping_status":"closed","template":"","meta":{"footnotes":""},"class_list":["post-474","page","type-page","status-publish","hentry"],"_links":{"self":[{"href":"https:\/\/anna-nitsche-sht-mastercoach.de\/index.php\/wp-json\/wp\/v2\/pages\/474","targetHints":{"allow":["GET"]}}],"collection":[{"href":"https:\/\/anna-nitsche-sht-mastercoach.de\/index.php\/wp-json\/wp\/v2\/pages"}],"about":[{"href":"https:\/\/anna-nitsche-sht-mastercoach.de\/index.php\/wp-json\/wp\/v2\/types\/page"}],"author":[{"embeddable":true,"href":"https:\/\/anna-nitsche-sht-mastercoach.de\/index.php\/wp-json\/wp\/v2\/users\/1"}],"replies":[{"embeddable":true,"href":"https:\/\/anna-nitsche-sht-mastercoach.de\/index.php\/wp-json\/wp\/v2\/comments?post=474"}],"version-history":[{"count":31,"href":"https:\/\/anna-nitsche-sht-mastercoach.de\/index.php\/wp-json\/wp\/v2\/pages\/474\/revisions"}],"predecessor-version":[{"id":599,"href":"https:\/\/anna-nitsche-sht-mastercoach.de\/index.php\/wp-json\/wp\/v2\/pages\/474\/revisions\/599"}],"wp:attachment":[{"href":"https:\/\/anna-nitsche-sht-mastercoach.de\/index.php\/wp-json\/wp\/v2\/media?parent=474"}],"curies":[{"name":"wp","href":"https:\/\/api.w.org\/{rel}","templated":true}]}}