{"id":342,"date":"2021-03-19T20:38:45","date_gmt":"2021-03-19T19:38:45","guid":{"rendered":"https:\/\/anna-nitsche-sht-mastercoach.de\/?page_id=342"},"modified":"2021-05-25T22:11:37","modified_gmt":"2021-05-25T20:11:37","slug":"praxis","status":"publish","type":"page","link":"https:\/\/anna-nitsche-sht-mastercoach.de\/index.php\/praxis\/","title":{"rendered":"Praxis"},"content":{"rendered":"\n<p>Ich biete Einzelsitzungen&nbsp; in meiner Praxis an, oder besuche Sie daheim wenn ein Praxisbesuch nicht m\u00f6glich ist. Die Dauer der Sitzungen richtet sich nach Ihrem Anliegen, meistens sind es um die zwei Stunden.<\/p>\n\n\n\n<p>Manchmal reichen 2-3 Besuche und manchmal m\u00f6chten Klienten auch \u00f6fter kommen. \u00a0 <\/p>\n\n\n\n<p>Das Ziel der SHT\u00ae ist immer: Die Selbstheilungskr\u00e4fte zu aktivieren und die Informationen in unserem K\u00f6rper so zu ver\u00e4ndern, da\u00df wir ein gesundes, schmerzfreies, gl\u00fcckliches Leben f\u00fchren k\u00f6nnen. &nbsp;<\/p>\n\n\n\n<figure class=\"wp-block-image size-large\"><img loading=\"lazy\" decoding=\"async\" width=\"1024\" height=\"768\" src=\"https:\/\/anna-nitsche-sht-mastercoach.de\/wp-content\/uploads\/2021\/03\/praxis-1-1024x768.jpg\" alt=\"\" class=\"wp-image-367\" srcset=\"https:\/\/anna-nitsche-sht-mastercoach.de\/wp-content\/uploads\/2021\/03\/praxis-1-1024x768.jpg 1024w, https:\/\/anna-nitsche-sht-mastercoach.de\/wp-content\/uploads\/2021\/03\/praxis-1-300x225.jpg 300w, https:\/\/anna-nitsche-sht-mastercoach.de\/wp-content\/uploads\/2021\/03\/praxis-1-768x576.jpg 768w, https:\/\/anna-nitsche-sht-mastercoach.de\/wp-content\/uploads\/2021\/03\/praxis-1-1536x1152.jpg 1536w, https:\/\/anna-nitsche-sht-mastercoach.de\/wp-content\/uploads\/2021\/03\/praxis-1-2048x1536.jpg 2048w, https:\/\/anna-nitsche-sht-mastercoach.de\/wp-content\/uploads\/2021\/03\/praxis-1-1600x1200.jpg 1600w\" sizes=\"auto, (max-width: 1024px) 100vw, 1024px\" \/><figcaption>Meine Praxis<\/figcaption><\/figure>\n","protected":false},"excerpt":{"rendered":"<p>Ich biete Einzelsitzungen&nbsp; in meiner Praxis an, oder besuche Sie daheim wenn ein Praxisbesuch nicht m\u00f6glich ist. Die Dauer der&hellip;<\/p>\n","protected":false},"author":1,"featured_media":378,"parent":0,"menu_order":0,"comment_status":"closed","ping_status":"closed","template":"","meta":{"footnotes":""},"class_list":["post-342","page","type-page","status-publish","has-post-thumbnail","hentry"],"_links":{"self":[{"href":"https:\/\/anna-nitsche-sht-mastercoach.de\/index.php\/wp-json\/wp\/v2\/pages\/342","targetHints":{"allow":["GET"]}}],"collection":[{"href":"https:\/\/anna-nitsche-sht-mastercoach.de\/index.php\/wp-json\/wp\/v2\/pages"}],"about":[{"href":"https:\/\/anna-nitsche-sht-mastercoach.de\/index.php\/wp-json\/wp\/v2\/types\/page"}],"author":[{"embeddable":true,"href":"https:\/\/anna-nitsche-sht-mastercoach.de\/index.php\/wp-json\/wp\/v2\/users\/1"}],"replies":[{"embeddable":true,"href":"https:\/\/anna-nitsche-sht-mastercoach.de\/index.php\/wp-json\/wp\/v2\/comments?post=342"}],"version-history":[{"count":5,"href":"https:\/\/anna-nitsche-sht-mastercoach.de\/index.php\/wp-json\/wp\/v2\/pages\/342\/revisions"}],"predecessor-version":[{"id":451,"href":"https:\/\/anna-nitsche-sht-mastercoach.de\/index.php\/wp-json\/wp\/v2\/pages\/342\/revisions\/451"}],"wp:featuredmedia":[{"embeddable":true,"href":"https:\/\/anna-nitsche-sht-mastercoach.de\/index.php\/wp-json\/wp\/v2\/media\/378"}],"wp:attachment":[{"href":"https:\/\/anna-nitsche-sht-mastercoach.de\/index.php\/wp-json\/wp\/v2\/media?parent=342"}],"curies":[{"name":"wp","href":"https:\/\/api.w.org\/{rel}","templated":true}]}}