{"id":319,"date":"2021-03-18T20:35:40","date_gmt":"2021-03-18T19:35:40","guid":{"rendered":"https:\/\/anna-nitsche-sht-mastercoach.de\/?page_id=319"},"modified":"2021-03-29T10:17:01","modified_gmt":"2021-03-29T08:17:01","slug":"fuss-und-handreflexzonenmassagen","status":"publish","type":"page","link":"https:\/\/anna-nitsche-sht-mastercoach.de\/index.php\/fuss-und-handreflexzonenmassagen\/","title":{"rendered":"Fuss- und Handreflexzonenmassagen"},"content":{"rendered":"\n<p class=\"has-drop-cap\">Die Reflexzonenmassage z\u00e4hlt zu den \u00fcber 5000 Jahre alten indischen und chinesischen Heilmethoden. <\/p>\n\n\n\n<p>Durch den sanften Druck auf die Reflexzonen stellt sich Entspannung und Wohlbefinden ein. Die Durchblutung wird gef\u00f6rdert und das Immunsystem gest\u00e4rkt. Lass Dich verw\u00f6hnen, entspanne Dich und aktiviere dadurch ganz nebenbei Deine Selbstheilungskr\u00e4fte.<\/p>\n","protected":false},"excerpt":{"rendered":"<p>Die Reflexzonenmassage z\u00e4hlt zu den \u00fcber 5000 Jahre alten indischen und chinesischen Heilmethoden. Durch den sanften Druck auf die Reflexzonen&hellip;<\/p>\n","protected":false},"author":1,"featured_media":434,"parent":0,"menu_order":0,"comment_status":"closed","ping_status":"closed","template":"","meta":{"footnotes":""},"class_list":["post-319","page","type-page","status-publish","has-post-thumbnail","hentry"],"_links":{"self":[{"href":"https:\/\/anna-nitsche-sht-mastercoach.de\/index.php\/wp-json\/wp\/v2\/pages\/319","targetHints":{"allow":["GET"]}}],"collection":[{"href":"https:\/\/anna-nitsche-sht-mastercoach.de\/index.php\/wp-json\/wp\/v2\/pages"}],"about":[{"href":"https:\/\/anna-nitsche-sht-mastercoach.de\/index.php\/wp-json\/wp\/v2\/types\/page"}],"author":[{"embeddable":true,"href":"https:\/\/anna-nitsche-sht-mastercoach.de\/index.php\/wp-json\/wp\/v2\/users\/1"}],"replies":[{"embeddable":true,"href":"https:\/\/anna-nitsche-sht-mastercoach.de\/index.php\/wp-json\/wp\/v2\/comments?post=319"}],"version-history":[{"count":3,"href":"https:\/\/anna-nitsche-sht-mastercoach.de\/index.php\/wp-json\/wp\/v2\/pages\/319\/revisions"}],"predecessor-version":[{"id":339,"href":"https:\/\/anna-nitsche-sht-mastercoach.de\/index.php\/wp-json\/wp\/v2\/pages\/319\/revisions\/339"}],"wp:featuredmedia":[{"embeddable":true,"href":"https:\/\/anna-nitsche-sht-mastercoach.de\/index.php\/wp-json\/wp\/v2\/media\/434"}],"wp:attachment":[{"href":"https:\/\/anna-nitsche-sht-mastercoach.de\/index.php\/wp-json\/wp\/v2\/media?parent=319"}],"curies":[{"name":"wp","href":"https:\/\/api.w.org\/{rel}","templated":true}]}}