{"id":276,"date":"2021-03-17T19:00:03","date_gmt":"2021-03-17T18:00:03","guid":{"rendered":"https:\/\/anna-nitsche-sht-mastercoach.de\/?page_id=276"},"modified":"2021-03-28T19:01:54","modified_gmt":"2021-03-28T17:01:54","slug":"hooponopono","status":"publish","type":"page","link":"https:\/\/anna-nitsche-sht-mastercoach.de\/index.php\/hooponopono\/","title":{"rendered":"Ho`oponopono"},"content":{"rendered":"\n<p class=\"has-drop-cap\">Ho`oponopono ist ein hawaianisches Vergebungsritual. Es ist eine Methode, innere und \u00e4u\u00dfere Probleme und Konflikte zu l\u00f6sen und gleichzeitig Beziehungen zu heilen: Die zu sich selbst, zu anderen Menschen und zur Umwelt. &nbsp; <\/p>\n\n\n\n<p>In einem Ho`oponopono reinigen wir uns innerlich selbst und somit l\u00f6sen wir Konflikte innerhalb einer Gemeinschaft oder Gruppe ( Partnerschaft, Familie, Beruf usw.)<\/p>\n\n\n\n<p>Wenn Du nicht vergibst, bist Du der, der vor Schmerz krank wird. Vor Wut. Vor Leid. Denn Groll oder Rachsucht schaden nur Dir selbst.  Die andere Person wird davon noch nicht einmal ber\u00fchrt. Und dieser Stress schw\u00e4cht Deine Abwehr, vergiftet Dich und macht Dich krank.  Denkst Du immer noch, dass Vergebung bedeutet, jemandem der Dich verletzt hat, etwas zu schenken?   Zu vergeben befreit Dich.    UND NUR DICH.<\/p>\n\n\n\n<p>Indem Du Dir und anderen vergibst, \u00e4nderst Du nicht die Vergangenheit. Du \u00e4nderst die ZUKUNFT !<\/p>\n\n\n\n<div class=\"wp-block-columns is-layout-flex wp-container-core-columns-is-layout-9d6595d7 wp-block-columns-is-layout-flex\">\n<div class=\"wp-block-column is-layout-flow wp-block-column-is-layout-flow\">\n<p>Dieses Vergebungsritual ist ein einfacher Weg, den ich Dir gerne zeige, um wieder in die Einheit, in den Frieden und zur\u00fcck zur Harmonie zu gelangen.<\/p>\n<\/div>\n\n\n\n<div class=\"wp-block-column is-layout-flow wp-block-column-is-layout-flow\">\n<figure class=\"wp-block-image size-large\"><img loading=\"lazy\" decoding=\"async\" width=\"768\" height=\"1024\" src=\"https:\/\/anna-nitsche-sht-mastercoach.de\/wp-content\/uploads\/2021\/03\/IMG_7702-768x1024.jpg\" alt=\"\" class=\"wp-image-279\" srcset=\"https:\/\/anna-nitsche-sht-mastercoach.de\/wp-content\/uploads\/2021\/03\/IMG_7702-768x1024.jpg 768w, https:\/\/anna-nitsche-sht-mastercoach.de\/wp-content\/uploads\/2021\/03\/IMG_7702-225x300.jpg 225w, https:\/\/anna-nitsche-sht-mastercoach.de\/wp-content\/uploads\/2021\/03\/IMG_7702-1152x1536.jpg 1152w, https:\/\/anna-nitsche-sht-mastercoach.de\/wp-content\/uploads\/2021\/03\/IMG_7702-1536x2048.jpg 1536w, https:\/\/anna-nitsche-sht-mastercoach.de\/wp-content\/uploads\/2021\/03\/IMG_7702-1600x2133.jpg 1600w, https:\/\/anna-nitsche-sht-mastercoach.de\/wp-content\/uploads\/2021\/03\/IMG_7702-scaled.jpg 1920w\" sizes=\"auto, (max-width: 768px) 100vw, 768px\" \/><\/figure>\n<\/div>\n<\/div>\n","protected":false},"excerpt":{"rendered":"<p>Ho`oponopono ist ein hawaianisches Vergebungsritual. Es ist eine Methode, innere und \u00e4u\u00dfere Probleme und Konflikte zu l\u00f6sen und gleichzeitig Beziehungen&hellip;<\/p>\n","protected":false},"author":1,"featured_media":0,"parent":0,"menu_order":0,"comment_status":"closed","ping_status":"closed","template":"","meta":{"footnotes":""},"class_list":["post-276","page","type-page","status-publish","hentry"],"_links":{"self":[{"href":"https:\/\/anna-nitsche-sht-mastercoach.de\/index.php\/wp-json\/wp\/v2\/pages\/276","targetHints":{"allow":["GET"]}}],"collection":[{"href":"https:\/\/anna-nitsche-sht-mastercoach.de\/index.php\/wp-json\/wp\/v2\/pages"}],"about":[{"href":"https:\/\/anna-nitsche-sht-mastercoach.de\/index.php\/wp-json\/wp\/v2\/types\/page"}],"author":[{"embeddable":true,"href":"https:\/\/anna-nitsche-sht-mastercoach.de\/index.php\/wp-json\/wp\/v2\/users\/1"}],"replies":[{"embeddable":true,"href":"https:\/\/anna-nitsche-sht-mastercoach.de\/index.php\/wp-json\/wp\/v2\/comments?post=276"}],"version-history":[{"count":6,"href":"https:\/\/anna-nitsche-sht-mastercoach.de\/index.php\/wp-json\/wp\/v2\/pages\/276\/revisions"}],"predecessor-version":[{"id":431,"href":"https:\/\/anna-nitsche-sht-mastercoach.de\/index.php\/wp-json\/wp\/v2\/pages\/276\/revisions\/431"}],"wp:attachment":[{"href":"https:\/\/anna-nitsche-sht-mastercoach.de\/index.php\/wp-json\/wp\/v2\/media?parent=276"}],"curies":[{"name":"wp","href":"https:\/\/api.w.org\/{rel}","templated":true}]}}