{"id":167,"date":"2021-03-10T10:13:35","date_gmt":"2021-03-10T09:13:35","guid":{"rendered":"http:\/\/wordpress\/?page_id=167"},"modified":"2021-03-24T22:43:46","modified_gmt":"2021-03-24T21:43:46","slug":"entspannungstherapie","status":"publish","type":"page","link":"https:\/\/anna-nitsche-sht-mastercoach.de\/index.php\/entspannungstherapie\/","title":{"rendered":"Entspannungstherapie"},"content":{"rendered":"\n<p class=\"has-drop-cap\">Der Anstieg der stressbedingten Krankheiten zeigt uns, dass wir wieder mehr auf uns achten und inne halten d\u00fcrfen. &nbsp; <\/p>\n\n\n\n<p><\/p>\n\n\n\n<p>Ich biete Dir Beratung und praktische Anleitung f\u00fcr Stressbew\u00e4ltigung und zeige Dir in Einzel- oder Gruppenkursen Entspannungstechniken und Strategien, die Du leicht umsetzen kannst. &nbsp; <\/p>\n\n\n\n<p>Beim Entspannungstraining wirst Du erfahren, wie sich der K\u00f6rper und der Geist tief regenerieren, die Selbstheilungskr\u00e4fte aktivieren, das Immunsystem sich st\u00e4rkt und sich positive Ver\u00e4nderungen im Allgemeinbefinden einstellen. &nbsp;<\/p>\n","protected":false},"excerpt":{"rendered":"<p>Der Anstieg der stressbedingten Krankheiten zeigt uns, dass wir wieder mehr auf uns achten und inne halten d\u00fcrfen. &nbsp; Ich&hellip;<\/p>\n","protected":false},"author":1,"featured_media":419,"parent":0,"menu_order":0,"comment_status":"closed","ping_status":"closed","template":"","meta":{"footnotes":""},"class_list":["post-167","page","type-page","status-publish","has-post-thumbnail","hentry"],"_links":{"self":[{"href":"https:\/\/anna-nitsche-sht-mastercoach.de\/index.php\/wp-json\/wp\/v2\/pages\/167","targetHints":{"allow":["GET"]}}],"collection":[{"href":"https:\/\/anna-nitsche-sht-mastercoach.de\/index.php\/wp-json\/wp\/v2\/pages"}],"about":[{"href":"https:\/\/anna-nitsche-sht-mastercoach.de\/index.php\/wp-json\/wp\/v2\/types\/page"}],"author":[{"embeddable":true,"href":"https:\/\/anna-nitsche-sht-mastercoach.de\/index.php\/wp-json\/wp\/v2\/users\/1"}],"replies":[{"embeddable":true,"href":"https:\/\/anna-nitsche-sht-mastercoach.de\/index.php\/wp-json\/wp\/v2\/comments?post=167"}],"version-history":[{"count":6,"href":"https:\/\/anna-nitsche-sht-mastercoach.de\/index.php\/wp-json\/wp\/v2\/pages\/167\/revisions"}],"predecessor-version":[{"id":410,"href":"https:\/\/anna-nitsche-sht-mastercoach.de\/index.php\/wp-json\/wp\/v2\/pages\/167\/revisions\/410"}],"wp:featuredmedia":[{"embeddable":true,"href":"https:\/\/anna-nitsche-sht-mastercoach.de\/index.php\/wp-json\/wp\/v2\/media\/419"}],"wp:attachment":[{"href":"https:\/\/anna-nitsche-sht-mastercoach.de\/index.php\/wp-json\/wp\/v2\/media?parent=167"}],"curies":[{"name":"wp","href":"https:\/\/api.w.org\/{rel}","templated":true}]}}