{"id":161,"date":"2021-03-10T10:12:35","date_gmt":"2021-03-10T09:12:35","guid":{"rendered":"http:\/\/wordpress\/?page_id=161"},"modified":"2021-03-27T11:52:43","modified_gmt":"2021-03-27T10:52:43","slug":"traumata","status":"publish","type":"page","link":"https:\/\/anna-nitsche-sht-mastercoach.de\/index.php\/traumata\/","title":{"rendered":"Traumaaufl\u00f6sung"},"content":{"rendered":"\n<p class=\"has-drop-cap\">Jeder von uns hat schon einmal einen Schock oder ein Trauma erlitten, bewusst oder unbewusst. Oftmals blockieren oder st\u00f6ren diese Erlebnisse unseren Energiefluss und k\u00f6nnen Verhaltensmuster in unserem Alltag ausl\u00f6sen, die nicht f\u00f6rderlich sind. <\/p>\n\n\n\n<p>Manchmal k\u00f6nnen diese Blockaden so stark sein, dass sie unser Leben zum gro\u00dfen Teil bestimmen. Es k\u00f6nnen \u00c4ngste, Schmerzen, Schlafst\u00f6rungen, M\u00fcdigkeit, Atemnot, Depressionen usw. entstehen. &nbsp; <\/p>\n\n\n\n<p>Durch ein sehr altes Heilwissen der australischen Ureinwohner,  k\u00f6nnen diese Blockaden wieder gel\u00f6st werden. <\/p>\n\n\n\n<p>Ich helfe Dir  mit dieser alten Heiltechnik sehr gerne,  Dein Trauma f\u00fcr immer loszulassen, ohne da\u00df Du dar\u00fcber sprechen, oder das Erlebnis noch einmal durchleben musst.\u00a0<\/p>\n","protected":false},"excerpt":{"rendered":"<p>Jeder von uns hat schon einmal einen Schock oder ein Trauma erlitten, bewusst oder unbewusst. Oftmals blockieren oder st\u00f6ren diese&hellip;<\/p>\n","protected":false},"author":1,"featured_media":296,"parent":0,"menu_order":0,"comment_status":"closed","ping_status":"closed","template":"","meta":{"footnotes":""},"class_list":["post-161","page","type-page","status-publish","has-post-thumbnail","hentry"],"_links":{"self":[{"href":"https:\/\/anna-nitsche-sht-mastercoach.de\/index.php\/wp-json\/wp\/v2\/pages\/161","targetHints":{"allow":["GET"]}}],"collection":[{"href":"https:\/\/anna-nitsche-sht-mastercoach.de\/index.php\/wp-json\/wp\/v2\/pages"}],"about":[{"href":"https:\/\/anna-nitsche-sht-mastercoach.de\/index.php\/wp-json\/wp\/v2\/types\/page"}],"author":[{"embeddable":true,"href":"https:\/\/anna-nitsche-sht-mastercoach.de\/index.php\/wp-json\/wp\/v2\/users\/1"}],"replies":[{"embeddable":true,"href":"https:\/\/anna-nitsche-sht-mastercoach.de\/index.php\/wp-json\/wp\/v2\/comments?post=161"}],"version-history":[{"count":9,"href":"https:\/\/anna-nitsche-sht-mastercoach.de\/index.php\/wp-json\/wp\/v2\/pages\/161\/revisions"}],"predecessor-version":[{"id":427,"href":"https:\/\/anna-nitsche-sht-mastercoach.de\/index.php\/wp-json\/wp\/v2\/pages\/161\/revisions\/427"}],"wp:featuredmedia":[{"embeddable":true,"href":"https:\/\/anna-nitsche-sht-mastercoach.de\/index.php\/wp-json\/wp\/v2\/media\/296"}],"wp:attachment":[{"href":"https:\/\/anna-nitsche-sht-mastercoach.de\/index.php\/wp-json\/wp\/v2\/media?parent=161"}],"curies":[{"name":"wp","href":"https:\/\/api.w.org\/{rel}","templated":true}]}}