{"id":134,"date":"2021-03-10T09:55:56","date_gmt":"2021-03-10T08:55:56","guid":{"rendered":"http:\/\/wordpress\/?page_id=134"},"modified":"2021-03-24T21:04:55","modified_gmt":"2021-03-24T20:04:55","slug":"was-ist-sht","status":"publish","type":"page","link":"https:\/\/anna-nitsche-sht-mastercoach.de\/index.php\/was-ist-sht\/","title":{"rendered":"Was ist SHT&reg;"},"content":{"rendered":"\n<h2 class=\"wp-block-heading\">Die SHT \u00ae &#8211; Selbstheilungstechnik<\/h2>\n\n\n\n<div class=\"wp-block-columns is-layout-flex wp-container-core-columns-is-layout-9d6595d7 wp-block-columns-is-layout-flex\">\n<div class=\"wp-block-column is-layout-flow wp-block-column-is-layout-flow\" style=\"flex-basis:100%\">\n<div class=\"wp-block-columns is-layout-flex wp-container-core-columns-is-layout-9d6595d7 wp-block-columns-is-layout-flex\">\n<div class=\"wp-block-column is-layout-flow wp-block-column-is-layout-flow\">\n<figure class=\"wp-block-image size-large\"><img decoding=\"async\" src=\"https:\/\/anna-nitsche-sht-mastercoach.de\/wp-content\/uploads\/2021\/03\/968d3699-4a2b-49b7-b28f-f816dd9add15.jpg\" alt=\"\" class=\"wp-image-244\"\/><\/figure>\n<\/div>\n\n\n\n<div class=\"wp-block-column is-layout-flow wp-block-column-is-layout-flow\">\n<p>setzt alle Heilungsprozesse im K\u00f6rper in Bewegung. Blockaden l\u00f6sen sich auf und die Energie kann wieder flie\u00dfen. Sie l\u00f6st k\u00f6rperliche und seelische Beschwerden. &nbsp; Diese Selbstheilungstechnik setzt sich aus vielen jahrtausend alten \u00f6stlichen, asiatischen, indianischen und westlichen Heiltechniken zusammen. Sanft l\u00f6st sie Beschwerden auf allen Ebenen z.B. :<\/p>\n<\/div>\n<\/div>\n<\/div>\n<\/div>\n\n\n\n<ul class=\"wp-block-list\"><li>k\u00f6rperliche Schmerzen ( Migr\u00e4ne, Knie- oder R\u00fcckenschmerzen, etc.)<\/li><li>\u00c4ngste wie zB. Pr\u00fcfungs\u00e4ngste, H\u00f6hen\u00e4ngste, etc.<\/li><li>Seelische Wunden, Sorgen, Depressionen, \u2026.. <\/li><li>S\u00fcchte ( Nikotinsucht, S\u00fc\u00dfigkeiten, \u2026.) <\/li><li>Trauma \/ Schock<\/li><li>Allergien ( Gr\u00e4ser, Pollen, Tierhaare, Staub, etc. )<\/li><\/ul>\n\n\n\n<h3 class=\"has-text-align-center wp-block-heading\">Das Ziel der SHT \u00ae ist<\/h3>\n\n\n\n<figure class=\"wp-block-pullquote is-style-default\"><blockquote><p>Krankheit in Gesundheit , Angst in Gelassenheit zu verwandeln und dabei m\u00f6chte ich Dir sehr gerne helfen.<\/p><cite>Anna Nitsche<\/cite><\/blockquote><\/figure>\n\n\n\n<p>Rechtlicher Hinweis:<\/p>\n\n\n\n<p>SHT\u00ae (gesch\u00fctzte Marke nach Roberto Antella Martines) aktiviert die Selbstheilungskr\u00e4fte und kann medizinische Behandlungen und Therapien positiv unterst\u00fctzen und den Selbstheilungsprozess beschleunigen. Sie ersetzt nicht die Diagnose oder Behandlung eines Arztes oder Heilpraktikers. Es werden keine Heilversprechen gegeben.<\/p>\n","protected":false},"excerpt":{"rendered":"<p>Die SHT \u00ae &#8211; Selbstheilungstechnik setzt alle Heilungsprozesse im K\u00f6rper in Bewegung. Blockaden l\u00f6sen sich auf und die Energie kann&hellip;<\/p>\n","protected":false},"author":1,"featured_media":0,"parent":0,"menu_order":0,"comment_status":"closed","ping_status":"closed","template":"","meta":{"footnotes":""},"class_list":["post-134","page","type-page","status-publish","hentry"],"_links":{"self":[{"href":"https:\/\/anna-nitsche-sht-mastercoach.de\/index.php\/wp-json\/wp\/v2\/pages\/134","targetHints":{"allow":["GET"]}}],"collection":[{"href":"https:\/\/anna-nitsche-sht-mastercoach.de\/index.php\/wp-json\/wp\/v2\/pages"}],"about":[{"href":"https:\/\/anna-nitsche-sht-mastercoach.de\/index.php\/wp-json\/wp\/v2\/types\/page"}],"author":[{"embeddable":true,"href":"https:\/\/anna-nitsche-sht-mastercoach.de\/index.php\/wp-json\/wp\/v2\/users\/1"}],"replies":[{"embeddable":true,"href":"https:\/\/anna-nitsche-sht-mastercoach.de\/index.php\/wp-json\/wp\/v2\/comments?post=134"}],"version-history":[{"count":22,"href":"https:\/\/anna-nitsche-sht-mastercoach.de\/index.php\/wp-json\/wp\/v2\/pages\/134\/revisions"}],"predecessor-version":[{"id":414,"href":"https:\/\/anna-nitsche-sht-mastercoach.de\/index.php\/wp-json\/wp\/v2\/pages\/134\/revisions\/414"}],"wp:attachment":[{"href":"https:\/\/anna-nitsche-sht-mastercoach.de\/index.php\/wp-json\/wp\/v2\/media?parent=134"}],"curies":[{"name":"wp","href":"https:\/\/api.w.org\/{rel}","templated":true}]}}