{"id":127,"date":"2021-03-10T09:46:45","date_gmt":"2021-03-10T08:46:45","guid":{"rendered":"http:\/\/wordpress\/?page_id=127"},"modified":"2022-03-19T09:48:08","modified_gmt":"2022-03-19T08:48:08","slug":"anna-nitsche-sht-coach","status":"publish","type":"page","link":"https:\/\/anna-nitsche-sht-mastercoach.de\/","title":{"rendered":"Anna Nitsche SHT&reg; Mastercoach , Entspannungstherapeutin, Fu\u00dfreflexzonenmassage"},"content":{"rendered":"\n<div class=\"wp-block-columns alignwide is-layout-flex wp-container-core-columns-is-layout-9d6595d7 wp-block-columns-is-layout-flex\">\n<div class=\"wp-block-column is-layout-flow wp-block-column-is-layout-flow\">\n<blockquote class=\"wp-block-quote is-layout-flow wp-block-quote-is-layout-flow\"><p>\u201eDu bist dem Leben nicht machtlos ausgeliefert. In Dir wohnt eine unendliche sch\u00f6pferische Kraft, mit der Du Dein Schicksal bestimmen kannst.\u201c<\/p><cite>Laura Malina Seiler<\/cite><\/blockquote>\n<\/div>\n<\/div>\n\n\n\n<h2 class=\"alignwide has-text-align-center wp-block-heading\">Herzlich Willkommen!<\/h2>\n\n\n\n<div class=\"wp-block-columns is-layout-flex wp-container-core-columns-is-layout-9d6595d7 wp-block-columns-is-layout-flex\">\n<div class=\"wp-block-column is-layout-flow wp-block-column-is-layout-flow\">\n<p><\/p>\n\n\n\n<figure class=\"wp-block-image size-large\"><img loading=\"lazy\" decoding=\"async\" width=\"927\" height=\"1024\" src=\"http:\/\/wordpress\/wp-content\/uploads\/2021\/03\/Bildschirmfoto-von-2021-03-10-09-42-13-927x1024.png\" alt=\"\" class=\"wp-image-123\" srcset=\"https:\/\/anna-nitsche-sht-mastercoach.de\/wp-content\/uploads\/2021\/03\/Bildschirmfoto-von-2021-03-10-09-42-13-927x1024.png 927w, https:\/\/anna-nitsche-sht-mastercoach.de\/wp-content\/uploads\/2021\/03\/Bildschirmfoto-von-2021-03-10-09-42-13-271x300.png 271w, https:\/\/anna-nitsche-sht-mastercoach.de\/wp-content\/uploads\/2021\/03\/Bildschirmfoto-von-2021-03-10-09-42-13-768x849.png 768w, https:\/\/anna-nitsche-sht-mastercoach.de\/wp-content\/uploads\/2021\/03\/Bildschirmfoto-von-2021-03-10-09-42-13.png 1018w\" sizes=\"auto, (max-width: 927px) 100vw, 927px\" \/><figcaption>Anna Nitsche<\/figcaption><\/figure>\n<\/div>\n\n\n\n<div class=\"wp-block-column is-layout-flow wp-block-column-is-layout-flow\">\n<h3 class=\"wp-block-heading\">Sch\u00f6n, dass Du da bist!<\/h3>\n\n\n\n<p>Wenn Du Dir ein Leben w\u00fcnschst voller Gesundheit, Leichtigkeit und Lebensfreude und Du bereit bist, neue Wege zu beschreiten, dann kann ich Dir Impulse f\u00fcr Deine Selbstheilungskr\u00e4fte geben und Dich ein St\u00fcck auf Deinem Weg begleiten. Du kannst erfahren wie schnell<\/p>\n\n\n\n<ul class=\"wp-block-list\"><li>Psychische &amp; physische Krankheiten und Leiden,<\/li><li>Schmerzen,<\/li><li>Allergien,<\/li><li>S\u00fcchte,<\/li><li>Traumata,<\/li><li>Traurigkeit,<\/li><li>\u00c4ngste und<\/li><li>Stress<\/li><\/ul>\n\n\n\n<p>aufgel\u00f6st werden k\u00f6nnen.<\/p>\n<\/div>\n<\/div>\n\n\n\n<p class=\"has-drop-cap\">Durch die Selbstheilungstechniken , SHT \u00ae,&nbsp; die auf einem ganzheitlichen Verst\u00e4ndnis der Vorg\u00e4nge im Menschen und dem neuesten Wissen aus der Quantenphysik und der Heil-und Bewu\u00dftseinsforschung basieren, erf\u00e4hrst Du eine Ver\u00e4nderung in Dir, die zur R\u00fcckkehr der Gesundheit, Schmerzfreiheit, Leichtigkeit, Offenheit und Freude f\u00fchrt. In Kombination mit Entspannungstechniken, Glaubenssatz\u00e4nderungen und der Selbstliebe, kannst Du Dein Leben entfalten in seiner sch\u00f6nsten Form!<\/p>\n\n\n\n<div class=\"wp-block-image\"><figure class=\"aligncenter size-full\"><img loading=\"lazy\" decoding=\"async\" width=\"744\" height=\"534\" src=\"https:\/\/anna-nitsche-sht-mastercoach.de\/wp-content\/uploads\/2022\/03\/zertifikat-e1647679392110.png\" alt=\"\" class=\"wp-image-470\"\/><\/figure><\/div>\n\n\n\n<p><\/p>\n","protected":false},"excerpt":{"rendered":"<p>\u201eDu bist dem Leben nicht machtlos ausgeliefert. In Dir wohnt eine unendliche sch\u00f6pferische Kraft, mit der Du Dein Schicksal bestimmen&hellip;<\/p>\n","protected":false},"author":1,"featured_media":418,"parent":0,"menu_order":0,"comment_status":"closed","ping_status":"closed","template":"","meta":{"footnotes":""},"class_list":["post-127","page","type-page","status-publish","has-post-thumbnail","hentry"],"_links":{"self":[{"href":"https:\/\/anna-nitsche-sht-mastercoach.de\/index.php\/wp-json\/wp\/v2\/pages\/127","targetHints":{"allow":["GET"]}}],"collection":[{"href":"https:\/\/anna-nitsche-sht-mastercoach.de\/index.php\/wp-json\/wp\/v2\/pages"}],"about":[{"href":"https:\/\/anna-nitsche-sht-mastercoach.de\/index.php\/wp-json\/wp\/v2\/types\/page"}],"author":[{"embeddable":true,"href":"https:\/\/anna-nitsche-sht-mastercoach.de\/index.php\/wp-json\/wp\/v2\/users\/1"}],"replies":[{"embeddable":true,"href":"https:\/\/anna-nitsche-sht-mastercoach.de\/index.php\/wp-json\/wp\/v2\/comments?post=127"}],"version-history":[{"count":63,"href":"https:\/\/anna-nitsche-sht-mastercoach.de\/index.php\/wp-json\/wp\/v2\/pages\/127\/revisions"}],"predecessor-version":[{"id":471,"href":"https:\/\/anna-nitsche-sht-mastercoach.de\/index.php\/wp-json\/wp\/v2\/pages\/127\/revisions\/471"}],"wp:featuredmedia":[{"embeddable":true,"href":"https:\/\/anna-nitsche-sht-mastercoach.de\/index.php\/wp-json\/wp\/v2\/media\/418"}],"wp:attachment":[{"href":"https:\/\/anna-nitsche-sht-mastercoach.de\/index.php\/wp-json\/wp\/v2\/media?parent=127"}],"curies":[{"name":"wp","href":"https:\/\/api.w.org\/{rel}","templated":true}]}}