{"id":12,"date":"2021-03-07T18:06:16","date_gmt":"2021-03-07T17:06:16","guid":{"rendered":"http:\/\/wordpress\/?page_id=12"},"modified":"2022-03-19T09:47:48","modified_gmt":"2022-03-19T08:47:48","slug":"ueber-uns","status":"publish","type":"page","link":"https:\/\/anna-nitsche-sht-mastercoach.de\/index.php\/ueber-uns\/","title":{"rendered":"\u00dcber mich"},"content":{"rendered":"\n<p class=\"has-drop-cap\">Ich lebe seit 25 Jahren in dem sch\u00f6nen Oberbayern mit meiner wunderbaren Familie. Hauptberuflich bin ich P\u00e4dagogin und widme mich Kindern und unterst\u00fctze sie beim Wachsen und gl\u00fccklich sein.<\/p>\n\n\n\n<p>Vor einigen Jahren wurde mir eine Begegnung mit einem Menschen geschenkt, der mir bei der Erinnerung half, wer wir wirklich sind und welche Kr\u00e4fte in uns stecken. Ich durfte erfahren, wie aus Krankheit und Energielosigkeit, Gesundheit wurde. Die Folge darauf, war die n\u00e4chste wundervolle Begegnung und Ausbildung bei Roberto Antella Martines, mit seinen Erfahrungen und seinem Wissen \u00fcber die Selbstheilungskr\u00e4fte in jedem Menschen und deren Aktivierung. <\/p>\n\n\n\n<p>Mein Bewusstsein ver\u00e4nderte sich im rasanten Tempo. Es kristallisierte sich immer mehr heraus, dass es mein Herzensweg ist, diese Impulse zur Selbstheilung den Menschen weiterzugeben, damit auch sie wieder zur Gesundheit und Freude zur\u00fcck kommen k\u00f6nnen. &nbsp;<\/p>\n\n\n\n<div class=\"wp-block-image\"><figure class=\"aligncenter size-large is-resized\"><img loading=\"lazy\" decoding=\"async\" src=\"https:\/\/anna-nitsche-sht-mastercoach.de\/wp-content\/uploads\/2021\/03\/IMG_7676-768x1024.jpg\" alt=\"\" class=\"wp-image-273\" width=\"318\" height=\"424\" srcset=\"https:\/\/anna-nitsche-sht-mastercoach.de\/wp-content\/uploads\/2021\/03\/IMG_7676-768x1024.jpg 768w, https:\/\/anna-nitsche-sht-mastercoach.de\/wp-content\/uploads\/2021\/03\/IMG_7676-225x300.jpg 225w, https:\/\/anna-nitsche-sht-mastercoach.de\/wp-content\/uploads\/2021\/03\/IMG_7676-1152x1536.jpg 1152w, https:\/\/anna-nitsche-sht-mastercoach.de\/wp-content\/uploads\/2021\/03\/IMG_7676-1536x2048.jpg 1536w, https:\/\/anna-nitsche-sht-mastercoach.de\/wp-content\/uploads\/2021\/03\/IMG_7676-1600x2133.jpg 1600w, https:\/\/anna-nitsche-sht-mastercoach.de\/wp-content\/uploads\/2021\/03\/IMG_7676-scaled.jpg 1920w\" sizes=\"auto, (max-width: 318px) 100vw, 318px\" \/><\/figure><\/div>\n\n\n\n<div class=\"wp-block-columns is-layout-flex wp-container-core-columns-is-layout-9d6595d7 wp-block-columns-is-layout-flex\">\n<div class=\"wp-block-column is-layout-flow wp-block-column-is-layout-flow\"><\/div>\n\n\n\n<div class=\"wp-block-column is-layout-flow wp-block-column-is-layout-flow\"><\/div>\n<\/div>\n\n\n\n<p class=\"has-text-align-center\">Seit 2020 besitze ich auch das Zertifikat um SHT\u00ae aus\u00fcben zu d\u00fcrfen. <\/p>\n\n\n\n<div class=\"wp-block-image\"><figure class=\"aligncenter size-full is-resized\"><img loading=\"lazy\" decoding=\"async\" src=\"https:\/\/anna-nitsche-sht-mastercoach.de\/wp-content\/uploads\/2022\/03\/zertifikat-e1647679392110.png\" alt=\"Zertifikat\" class=\"wp-image-470\" width=\"558\" height=\"401\"\/><\/figure><\/div>\n","protected":false},"excerpt":{"rendered":"<p>Ich lebe seit 25 Jahren in dem sch\u00f6nen Oberbayern mit meiner wunderbaren Familie. Hauptberuflich bin ich P\u00e4dagogin und widme mich&hellip;<\/p>\n","protected":false},"author":1,"featured_media":378,"parent":0,"menu_order":0,"comment_status":"closed","ping_status":"closed","template":"","meta":{"footnotes":""},"class_list":["post-12","page","type-page","status-publish","has-post-thumbnail","hentry"],"_links":{"self":[{"href":"https:\/\/anna-nitsche-sht-mastercoach.de\/index.php\/wp-json\/wp\/v2\/pages\/12","targetHints":{"allow":["GET"]}}],"collection":[{"href":"https:\/\/anna-nitsche-sht-mastercoach.de\/index.php\/wp-json\/wp\/v2\/pages"}],"about":[{"href":"https:\/\/anna-nitsche-sht-mastercoach.de\/index.php\/wp-json\/wp\/v2\/types\/page"}],"author":[{"embeddable":true,"href":"https:\/\/anna-nitsche-sht-mastercoach.de\/index.php\/wp-json\/wp\/v2\/users\/1"}],"replies":[{"embeddable":true,"href":"https:\/\/anna-nitsche-sht-mastercoach.de\/index.php\/wp-json\/wp\/v2\/comments?post=12"}],"version-history":[{"count":20,"href":"https:\/\/anna-nitsche-sht-mastercoach.de\/index.php\/wp-json\/wp\/v2\/pages\/12\/revisions"}],"predecessor-version":[{"id":473,"href":"https:\/\/anna-nitsche-sht-mastercoach.de\/index.php\/wp-json\/wp\/v2\/pages\/12\/revisions\/473"}],"wp:featuredmedia":[{"embeddable":true,"href":"https:\/\/anna-nitsche-sht-mastercoach.de\/index.php\/wp-json\/wp\/v2\/media\/378"}],"wp:attachment":[{"href":"https:\/\/anna-nitsche-sht-mastercoach.de\/index.php\/wp-json\/wp\/v2\/media?parent=12"}],"curies":[{"name":"wp","href":"https:\/\/api.w.org\/{rel}","templated":true}]}}